{"id":32,"date":"2017-04-15T14:43:01","date_gmt":"2017-04-15T14:43:01","guid":{"rendered":"https:\/\/demo.cocobasic.com\/ocularus-wp\/?page_id=31"},"modified":"2022-09-04T10:26:20","modified_gmt":"2022-09-04T10:26:20","slug":"home","status":"publish","type":"page","link":"https:\/\/www.about.stoton.eu\/pl\/","title":{"rendered":"Us\u0142ugi"},"content":{"rendered":"<div class=\"horizontal-slider image-slider-wrapper relative swiper-container is-portfolio\">\n    <div class = \"swiper-wrapper image-slider slider no-horizontal-slider\">\n<div class=\"swiper-slide text-slide \"><div class=\"carousel-item-text\"><p class=\"title-description-up\"><\/p><h1 class=\"entry-title big-text\">Skala i spok\u00f3j<\/h1><div class=\"carousel-content\">\n<p>Od 12 lat pomagamy przedsi\u0119biorcom zwi\u0119ksza\u0107 zyski i bezpiecze\u0144stwo ich biznesu. Dajemy Ci dost\u0119p do specjalist\u00f3w z do\u015bwiadczeniem m.in. w <a href=\"https:\/\/pl.wikipedia.org\/wiki\/Allegro.pl_(przedsi%C4%99biorstwo)\" target=\"_blank\" rel=\"noopener noreferrer nofollow\">Allegro<\/a> (eCommerce), <a href=\"https:\/\/pl.wikipedia.org\/wiki\/Revolut\" target=\"_blank\" rel=\"noopener noreferrer nofollow\">Revolut<\/a> (bankowo\u015b\u0107) i <a href=\"https:\/\/pl.wikipedia.org\/wiki\/MGM_Grand_Las_Vegas\" target=\"_blank\" rel=\"noopener noreferrer nofollow\">MGM Grand<\/a> (hotelarstwo). \u0141\u0105czymy Tw\u00f3j biznes z nowoczesnymi technologiami. Wybierz sw\u00f3j rodzaj wsparcia.<\/p>\n<\/div><\/div><\/div>\n<div class=\"swiper-slide\"><div class=\"carousel-item-image carousel-item-image--notactive\"><img data-src='https:\/\/www.about.stoton.eu\/wp-content\/uploads\/2018\/06\/stoton_12_1-scaled-e1662291666847.jpg' class='img-fluid lazyload' alt='' src='data:image\/gif;base64,R0lGODlhAQABAAAAACH5BAEKAAEALAAAAAABAAEAAAICTAEAOw==' style='--smush-placeholder-width: 1913px; --smush-placeholder-aspect-ratio: 1913\/2560;' \/><noscript><img src='https:\/\/www.about.stoton.eu\/wp-content\/uploads\/2018\/06\/stoton_12_1-scaled-e1662291666847.jpg' class='img-fluid' alt='' \/><\/noscript><div class='canvas-hover'><\/div><div class='slide-image-action slide-image-hover'><img data-src='https:\/\/www.about.stoton.eu\/wp-content\/uploads\/2018\/06\/stoton_12_2-scaled-e1662291742757.jpg' class='img-fluid lazyload' alt='' src='data:image\/gif;base64,R0lGODlhAQABAAAAACH5BAEKAAEALAAAAAABAAEAAAICTAEAOw==' style='--smush-placeholder-width: 1913px; --smush-placeholder-aspect-ratio: 1913\/2560;' \/><noscript><img src='https:\/\/www.about.stoton.eu\/wp-content\/uploads\/2018\/06\/stoton_12_2-scaled-e1662291742757.jpg' class='img-fluid' alt='' \/><\/noscript><\/div><div class='slide-image-action slide-image-click'><img data-src='https:\/\/www.about.stoton.eu\/wp-content\/uploads\/2018\/06\/stoton_12_3-scaled.jpg' class='img-fluid lazyload' alt='' src='data:image\/gif;base64,R0lGODlhAQABAAAAACH5BAEKAAEALAAAAAABAAEAAAICTAEAOw==' style='--smush-placeholder-width: 1919px; --smush-placeholder-aspect-ratio: 1919\/2560;' \/><noscript><img src='https:\/\/www.about.stoton.eu\/wp-content\/uploads\/2018\/06\/stoton_12_3-scaled.jpg' class='img-fluid' alt='' \/><\/noscript><\/div><div class=\"carousel-item-info\"><div class=\"carousel-cat-links\"><ul><\/ul><\/div><div class=\"content\"><h2>Najwi\u0119ksza baza wiedzy dla uchod\u017ac\u00f3w<\/h2><i class=\"material-icons js-hide-slide-info\">clear<\/i><div class=\"content-on-active\"><p>Najwi\u0119ksza baza wiedzy dla uchod\u017ac\u00f3w z Ukrainy w Polsce. Sprawdzone informacje co do legalizacji pobytu, utrzymania si\u0119 w Polsce, poruszania si\u0119 po kraju oraz wyjazdu za granic\u0119, formalnych procedur uzyskiwania wsparcia oraz map i narz\u0119dzi. G\u0142\u00f3wnym partnerem merytorycznym bazy jest STOTON.<\/p>\n<p>&nbsp;<\/p>\n<p style=\"text-align: center; outline: 1px solid #FFFFFF; outline-offset: 10px;\"><a href=\"https:\/\/pcpu.pl\/\" rel=\"nofollow noopener\" target=\"_blank\"><span style=\"font-size: 18.6667px;\">Dowiedz si\u0119 wi\u0119cej &gt;<\/span><\/a><\/p>\n<p>&nbsp;<\/p>\n<\/div><\/div><\/div><p class=\"post-num\"><span>\u2665<\/span><span class=\"total-num\">Wsparcie dla Ukrainy<\/span><\/p><\/div><\/div><div class=\"swiper-slide\"><div class=\"carousel-item-image carousel-item-image--notactive\"><img data-src='https:\/\/www.about.stoton.eu\/wp-content\/uploads\/2020\/05\/stoton_8-scaled.jpg' class='img-fluid lazyload' alt='' src='data:image\/gif;base64,R0lGODlhAQABAAAAACH5BAEKAAEALAAAAAABAAEAAAICTAEAOw==' style='--smush-placeholder-width: 1913px; --smush-placeholder-aspect-ratio: 1913\/2560;' \/><noscript><img src='https:\/\/www.about.stoton.eu\/wp-content\/uploads\/2020\/05\/stoton_8-scaled.jpg' class='img-fluid' alt='' \/><\/noscript><div class='canvas-hover'><\/div><div class='slide-image-action slide-image-hover'><img data-src='https:\/\/www.about.stoton.eu\/wp-content\/uploads\/2020\/07\/stoton_8-scaled.jpg' class='img-fluid lazyload' alt='' src='data:image\/gif;base64,R0lGODlhAQABAAAAACH5BAEKAAEALAAAAAABAAEAAAICTAEAOw==' style='--smush-placeholder-width: 1913px; --smush-placeholder-aspect-ratio: 1913\/2560;' \/><noscript><img src='https:\/\/www.about.stoton.eu\/wp-content\/uploads\/2020\/07\/stoton_8-scaled.jpg' class='img-fluid' alt='' \/><\/noscript><\/div><div class='slide-image-action slide-image-click'><img data-src='https:\/\/www.about.stoton.eu\/wp-content\/uploads\/2020\/07\/stoton_C6-scaled.jpg' class='img-fluid lazyload' alt='' src='data:image\/gif;base64,R0lGODlhAQABAAAAACH5BAEKAAEALAAAAAABAAEAAAICTAEAOw==' style='--smush-placeholder-width: 1913px; --smush-placeholder-aspect-ratio: 1913\/2560;' \/><noscript><img src='https:\/\/www.about.stoton.eu\/wp-content\/uploads\/2020\/07\/stoton_C6-scaled.jpg' class='img-fluid' alt='' \/><\/noscript><\/div><div class=\"carousel-item-info\"><div class=\"carousel-cat-links\"><ul><\/ul><\/div><div class=\"content\"><h2>Nowe technologie<\/h2><i class=\"material-icons js-hide-slide-info\">clear<\/i><div class=\"content-on-active\"><p>Automatyzacja oraz skalowanie proces\u00f3w przy u\u017cyciu gotowych narz\u0119dzi to najbardziej efektywna kosztowo forma rozwoju biznesu. Wdra\u017camy oraz licencjonujemy tanie i skuteczne rozwi\u0105zania, przenosimy procesy analogowe do narz\u0119dzi cyfrowych i szkolimy z pracowania m\u0105drzej.<\/p>\n<p>&nbsp;<\/p>\n<p style=\"text-align: center; outline: 1px solid #FFFFFF; outline-offset: 10px;\"><a href=\"https:\/\/stoton.eu\/app\/pl\/technologies\/\" rel=\"nofollow noopener\" target=\"_blank\"><span style=\"font-size: 18.6667px;\">Dowiedz si\u0119 wi\u0119cej &gt;<\/span><\/a><\/p>\n<p>&nbsp;<\/p>\n<\/div><\/div><\/div><p class=\"post-num\"><span>1<\/span><span class=\"total-num\">Nowe technologie<\/span><\/p><\/div><\/div><div class=\"swiper-slide\"><div class=\"carousel-item-image carousel-item-image--notactive\"><img data-src='https:\/\/www.about.stoton.eu\/wp-content\/uploads\/2018\/06\/stoton_11_1-scaled.jpg' class='img-fluid lazyload' alt='' src='data:image\/gif;base64,R0lGODlhAQABAAAAACH5BAEKAAEALAAAAAABAAEAAAICTAEAOw==' style='--smush-placeholder-width: 1919px; --smush-placeholder-aspect-ratio: 1919\/2560;' \/><noscript><img src='https:\/\/www.about.stoton.eu\/wp-content\/uploads\/2018\/06\/stoton_11_1-scaled.jpg' class='img-fluid' alt='' \/><\/noscript><div class='canvas-hover'><\/div><div class='slide-image-action slide-image-hover'><img data-src='https:\/\/www.about.stoton.eu\/wp-content\/uploads\/2018\/06\/stoton_11_3-scaled.jpg' class='img-fluid lazyload' alt='' src='data:image\/gif;base64,R0lGODlhAQABAAAAACH5BAEKAAEALAAAAAABAAEAAAICTAEAOw==' style='--smush-placeholder-width: 1919px; --smush-placeholder-aspect-ratio: 1919\/2560;' \/><noscript><img src='https:\/\/www.about.stoton.eu\/wp-content\/uploads\/2018\/06\/stoton_11_3-scaled.jpg' class='img-fluid' alt='' \/><\/noscript><\/div><div class='slide-image-action slide-image-click'><img data-src='https:\/\/www.about.stoton.eu\/wp-content\/uploads\/2018\/06\/stoton_11_2-scaled.jpg' class='img-fluid lazyload' alt='' src='data:image\/gif;base64,R0lGODlhAQABAAAAACH5BAEKAAEALAAAAAABAAEAAAICTAEAOw==' style='--smush-placeholder-width: 1919px; --smush-placeholder-aspect-ratio: 1919\/2560;' \/><noscript><img src='https:\/\/www.about.stoton.eu\/wp-content\/uploads\/2018\/06\/stoton_11_2-scaled.jpg' class='img-fluid' alt='' \/><\/noscript><\/div><div class=\"carousel-item-info\"><div class=\"carousel-cat-links\"><ul><\/ul><\/div><div class=\"content\"><h2>Marketing<\/h2><i class=\"material-icons js-hide-slide-info\">clear<\/i><div class=\"content-on-active\"><p>Nowoczesny marketing to po\u0142\u0105czenie kreatywnej sztuki i rynkowej walki. Dajemy Twojej marce narz\u0119dzia, aby zdoby\u0107 szeroki rynek. Od planowania strategii, przez jej realizacj\u0119, po rozliczenie wzrostu sprzeda\u017cy i odbi\u00f3r premii. Przy u\u017cyciu aplikacji mobilnych, social media, influencer marketingu i stron internetowych. Dajemy Ci si\u0142\u0119 przebicia na rynku.<\/p>\n<p>&nbsp;<\/p>\n<p style=\"text-align: center; outline: 1px solid #FFFFFF; outline-offset: 10px;\"><a href=\"https:\/\/stoton.eu\/app\/pl\/marketing\/\" rel=\"nofollow noopener\" target=\"_blank\"><span style=\"font-size: 18.6667px;\">Dowiedz si\u0119 wi\u0119cej &gt;<\/span><\/a><\/p>\n<p>&nbsp;<\/p>\n<\/div><\/div><\/div><p class=\"post-num\"><span>2<\/span><span class=\"total-num\">Marketing<\/span><\/p><\/div><\/div><div class=\"swiper-slide\"><div class=\"carousel-item-image carousel-item-image--notactive\"><img data-src='https:\/\/www.about.stoton.eu\/wp-content\/uploads\/2018\/05\/stoton_10a_1-scaled.jpg' class='img-fluid lazyload' alt='' src='data:image\/gif;base64,R0lGODlhAQABAAAAACH5BAEKAAEALAAAAAABAAEAAAICTAEAOw==' style='--smush-placeholder-width: 2512px; --smush-placeholder-aspect-ratio: 2512\/2560;' \/><noscript><img src='https:\/\/www.about.stoton.eu\/wp-content\/uploads\/2018\/05\/stoton_10a_1-scaled.jpg' class='img-fluid' alt='' \/><\/noscript><div class='canvas-hover'><\/div><div class='slide-image-action slide-image-hover'><img data-src='https:\/\/www.about.stoton.eu\/wp-content\/uploads\/2018\/05\/stoton_10a_2-scaled.jpg' class='img-fluid lazyload' alt='' src='data:image\/gif;base64,R0lGODlhAQABAAAAACH5BAEKAAEALAAAAAABAAEAAAICTAEAOw==' style='--smush-placeholder-width: 2512px; --smush-placeholder-aspect-ratio: 2512\/2560;' \/><noscript><img src='https:\/\/www.about.stoton.eu\/wp-content\/uploads\/2018\/05\/stoton_10a_2-scaled.jpg' class='img-fluid' alt='' \/><\/noscript><\/div><div class='slide-image-action slide-image-click'><img data-src='https:\/\/www.about.stoton.eu\/wp-content\/uploads\/2018\/05\/stoton_10a_3-scaled.jpg' class='img-fluid lazyload' alt='' src='data:image\/gif;base64,R0lGODlhAQABAAAAACH5BAEKAAEALAAAAAABAAEAAAICTAEAOw==' style='--smush-placeholder-width: 2512px; --smush-placeholder-aspect-ratio: 2512\/2560;' \/><noscript><img src='https:\/\/www.about.stoton.eu\/wp-content\/uploads\/2018\/05\/stoton_10a_3-scaled.jpg' class='img-fluid' alt='' \/><\/noscript><\/div><div class=\"carousel-item-info\"><div class=\"carousel-cat-links\"><ul><\/ul><\/div><div class=\"content\"><h2>Dla zespo\u0142\u00f3w<\/h2><i class=\"material-icons js-hide-slide-info\">clear<\/i><div class=\"content-on-active\"><p>Stosujemy najnowsze badania psychometryczne oraz narz\u0119dzia warsztatowe i e-learningowe, aby zagwarantowa\u0107 wzrost efektywno\u015bci Zespo\u0142\u00f3w ze wszystkich bran\u017c. Nasza do\u015bwiadczona kadra trenerska sk\u0142ada si\u0119 wy\u0142\u0105cznie z os\u00f3b, kt\u00f3re posiadaj\u0105 histori\u0119 wybitnych rezultat\u00f3w biznesowych dostarczanych w swojej bran\u017cy.<\/p>\n<p>&nbsp;<\/p>\n<p style=\"text-align: center; outline: 1px solid #FFFFFF; outline-offset: 10px;\"><a href=\"https:\/\/stoton.eu\/app\/pl\/\" rel=\"nofollow noopener\" target=\"_blank\"><span style=\"font-size: 18.6667px;\">Dowiedz si\u0119 wi\u0119cej &gt;<\/span><\/a><\/p>\n<p>&nbsp;<\/p>\n<\/div><\/div><\/div><p class=\"post-num\"><span>3<\/span><span class=\"total-num\">Dla zespo\u0142\u00f3w<\/span><\/p><\/div><\/div><div class=\"more-posts-portfolio\"><div class=\"portfolio-slider-load-more\"><span class=\"more-portfolio-posts\">DALEJ<\/span><span class=\"more-portfolio-loading\">\u0141ADUJ\u0118<\/span><span class=\"no-more-portfolio\"><\/span><\/div><\/div><\/div>                         \n\t\t\t<\/div>\n","protected":false},"excerpt":{"rendered":"","protected":false},"author":2,"featured_media":0,"parent":0,"menu_order":0,"comment_status":"closed","ping_status":"closed","template":"page-carousel.php","meta":{"inline_featured_image":false,"_monsterinsights_skip_tracking":false,"_monsterinsights_sitenote_active":false,"_monsterinsights_sitenote_note":"","_monsterinsights_sitenote_category":0},"acf":[],"_links":{"self":[{"href":"https:\/\/www.about.stoton.eu\/pl\/wp-json\/wp\/v2\/pages\/32"}],"collection":[{"href":"https:\/\/www.about.stoton.eu\/pl\/wp-json\/wp\/v2\/pages"}],"about":[{"href":"https:\/\/www.about.stoton.eu\/pl\/wp-json\/wp\/v2\/types\/page"}],"author":[{"embeddable":true,"href":"https:\/\/www.about.stoton.eu\/pl\/wp-json\/wp\/v2\/users\/2"}],"replies":[{"embeddable":true,"href":"https:\/\/www.about.stoton.eu\/pl\/wp-json\/wp\/v2\/comments?post=32"}],"version-history":[{"count":103,"href":"https:\/\/www.about.stoton.eu\/pl\/wp-json\/wp\/v2\/pages\/32\/revisions"}],"predecessor-version":[{"id":851,"href":"https:\/\/www.about.stoton.eu\/pl\/wp-json\/wp\/v2\/pages\/32\/revisions\/851"}],"wp:attachment":[{"href":"https:\/\/www.about.stoton.eu\/pl\/wp-json\/wp\/v2\/media?parent=32"}],"curies":[{"name":"wp","href":"https:\/\/api.w.org\/{rel}","templated":true}]}}